{"id":518,"date":"2019-01-05T06:16:38","date_gmt":"2019-01-05T06:16:38","guid":{"rendered":"http:\/\/themes.dhrubok.website\/bufet\/?page_id=518"},"modified":"2022-08-05T07:08:13","modified_gmt":"2022-08-05T07:08:13","slug":"about","status":"publish","type":"page","link":"https:\/\/www.sybersaas.com\/en\/?page_id=518","title":{"rendered":"About"},"content":{"rendered":"<p><section id='home' class=\"kc-elm kc-css-34505 kc_row\"><div class=\"kc-row-container  kc-container\"><div class=\"kc-wrap-columns\"><div class=\"kc-elm kc-css-940986 kc_col-sm-6 kc_column kc_col-sm-6\"><div class=\"kc-col-container\">\r\n<div class=\"kc-elm kc-css-597339 kc-title-wrap \" data-wow-delay=\"0s\">\r\n\r\n\t<h3 class=\"kc_title\">About SyberSaaS<\/h3>\r\n<\/div>\r\n\r\n<div class=\"kc-elm kc-css-24645 kc-title-wrap \" data-wow-delay=\"0s\">\r\n\r\n\t<p class=\"kc_title\">SyberSaaS is a Cyber Security company that provides 24\/7 managable Security Services. It is a brand was foundeded by Turkey's leading cyber security company T\u00dcV AUSTRIA SyberCode Information Technologies Inc. <\/p>\r\n<\/div>\r\n\n<div class=\"kc-elm kc-css-317815 divider_line\">\n\t<div class=\"divider_inner divider_line1\">\n\t\t\t<\/div>\n<\/div>\n\r\n<div class=\"kc-elm kc-css-417231 kc-title-wrap \" data-wow-delay=\"0s\">\r\n\r\n\t<p class=\"kc_title\">SyberSaaS is a new generation Managed Cyber Security Services formation which presents the security investments that organizations need to make due to mandatory regulations such as GDPR, from a single source and on a single platform.<\/p>\r\n<\/div>\r\n<\/div><\/div><div class=\"kc-elm kc-css-46983 kc_col-sm-6 kc_column kc_col-sm-6\"><div class=\"kc-col-container\"><div class=\"kc-elm kc-css-564916 kc_shortcode kc_single_image wow fadeInUp\" data-wow-delay=\"0.2s\">\r\n\r\n        <img decoding=\"async\" src=\"https:\/\/www.sybersaas.com\/en\/wp-content\/uploads\/2021\/02\/anasol.png\" class=\"\" alt=\"\" \/>    <\/div>\r\n<\/div><\/div><\/div><\/div><\/section><section class=\"kc-elm kc-css-265756 kc_row\"><div class=\"kc-row-container  kc-container\"><div class=\"kc-wrap-columns\"><div class=\"kc-elm kc-css-400810 kc_col-sm-4 kc_column kc_col-sm-4\"><div class=\"kc-col-container\">\r\n<div class=\"kc-elm kc-css-803058\">\r\n    <div class=\"single-feature wow\"><span class=\"counter-number\">01<\/span>\r\n        <div class=\"feature-img\"><i class=\"fa-eye\"><\/i><\/div>\r\n        <h2>Ger\u00e7ek Zamanl\u0131 Koruma<\/h2><p>SyberSaas ile tehditleri ve yanl\u0131\u015f yap\u0131land\u0131rmalar\u0131 ger\u00e7ek zamanl\u0131 olarak kontrol edebilirsiniz.\r\n\r\n<\/p>\r\n    <\/div>\r\n<\/div>\r\n<\/div><\/div><div class=\"kc-elm kc-css-153299 kc_col-sm-4 kc_column kc_col-sm-4\"><div class=\"kc-col-container\">\r\n<div class=\"kc-elm kc-css-266450\">\r\n    <div class=\"single-feature wow\"><span class=\"counter-number\">02<\/span>\r\n        <div class=\"feature-img\"><i class=\"fa-rocket\"><\/i><\/div>\r\n        <h2>H\u0131zl\u0131 ve Kontroll\u00fc<\/h2><p>SyberSaas&#039;\u0131n e\u015fsiz kontrol paneli ile t\u00fcm s\u00fcre\u00e7lerinizi tek bir ekrandan y\u00f6netme deneyimine eri\u015febilirsiniz.\r\n\r\n<\/p>\r\n    <\/div>\r\n<\/div>\r\n<\/div><\/div><div class=\"kc-elm kc-css-652074 kc_col-sm-4 kc_column kc_col-sm-4\"><div class=\"kc-col-container\">\r\n<div class=\"kc-elm kc-css-223690\">\r\n    <div class=\"single-feature wow\"><span class=\"counter-number\">03<\/span>\r\n        <div class=\"feature-img\"><i class=\"fa-history\"><\/i><\/div>\r\n        <h2>Tasarruf Edin<\/h2><p>SyberSaas, birden \u00e7ok \u00e7\u00f6z\u00fcm\u00fc tek platformda sunar. B\u00f6ylece zamandan ve ekstra maaliyetlerden sizi kurtar\u0131r.\r\n\r\n<\/p>\r\n    <\/div>\r\n<\/div>\r\n<\/div><\/div><\/div><\/div><\/section><section id='about' class=\"kc-elm kc-css-258255 kc_row\"><div class=\"kc-row-container  kc-container\"><div class=\"kc-wrap-columns\"><div class=\"kc-elm kc-css-150187 kc_col-sm-6 kc_column kc_col-sm-6\"><div class=\"kc-col-container\"><div class=\"kc-elm kc-css-93474 kc-animated kc-animate-eff-fadeInLeft kc_shortcode kc_single_image wow fadeInUp\" data-wow-delay=\"0.2s\">\r\n\r\n        <img decoding=\"async\" src=\"https:\/\/www.sybersaas.com\/en\/wp-content\/uploads\/2018\/05\/faq-img-2.png\" class=\"\" alt=\"\" \/>    <\/div>\r\n<\/div><\/div><div class=\"kc-elm kc-css-161330 kc_col-sm-6 kc_column kc_col-sm-6\"><div class=\"kc-col-container\">\r\n<div class=\"kc-elm kc-css-327847 kc-title-wrap \" data-wow-delay=\"0s\">\r\n\r\n\t<h2 class=\"kc_title\">SyberSaaS Nedir?<\/h2>\r\n<\/div>\r\n<div class=\"kc-elm kc-css-340158 kc_text_block None\"  data-wow-delay=\"0.2s\"><\/p>\n<div class=\"kc-elm kc-css-927118 kc_text_block None\" data-wow-delay=\"0.2s\">\n<p>SyberSaas&#039;\u0131n u\u00e7tan uca sundu\u011fu hizmetlerin ayr\u0131cal\u0131\u011f\u0131n\u0131 ya\u015famak i\u00e7in size bir \u00e7ok sebep sunuyoruz.<\/p>\n<\/div>\n<div class=\"kc-elm kc-css-815822\">\n<div class=\"about-list\"><\/div>\n<\/div>\n<p>\n<\/div>\r\n<div class=\"kc-elm kc-css-513691\">\r\n    <div class=\"about-list\">\r\n\t\t<ul>\r\n\t\t\t<li>SyberSaas, kritik tehditleri tespit edip, tek bir t\u0131kla karantinaya alman\u0131z\u0131 sa\u011flar.<\/li><li>SyberSaas, tehditleri risk durumuna g\u00f6re \u00f6nceliklendirip en h\u0131zl\u0131 ve do\u011fru hamle i\u00e7in sizi y\u00f6nlendirir.<\/li><li>SyberSaas, esnek yap\u0131s\u0131 sayesinde kurumunuzun \u00f6l\u00e7e\u011finde \u00f6zelle\u015ftirilebilir.<\/li>\t\t<\/ul>\r\n\t<\/div>\r\n<\/div>\r\n<\/div><\/div><\/div><\/div><\/section><section class=\"kc-elm kc-css-147851 kc_row\"><div class=\"kc-row-container  kc-container\"><div class=\"kc-wrap-columns\"><div class=\"kc-elm kc-css-61545 kc_col-sm-3 kc_column kc_col-sm-3\"><div class=\"kc-col-container\">\r\n<div class=\"kc-elm kc-css-445869\">\r\n    <div class=\"single-items\">\r\n\r\n        <h2><span class=\"counter\">90<\/span>+<\/h2><div class=\"icon-bg\"><span class=\"sl-mouse\"><\/span><\/div><h4>G\u00fcvenlik ve Uyumluluk Uygulamas\u0131<\/h4>\r\n    <\/div>\r\n<\/div>\r\n<\/div><\/div><div class=\"kc-elm kc-css-993714 kc_col-sm-3 kc_column kc_col-sm-3\"><div class=\"kc-col-container\">\r\n<div class=\"kc-elm kc-css-8178\">\r\n    <div class=\"single-items\">\r\n\r\n        <h2><span class=\"counter\">150<\/span>+<\/h2><div class=\"icon-bg\"><span class=\"sl-mouse\"><\/span><\/div><h4>Kullanan Kurum<\/h4>\r\n    <\/div>\r\n<\/div>\r\n<\/div><\/div><div class=\"kc-elm kc-css-475408 kc_col-sm-3 kc_column kc_col-sm-3\"><div class=\"kc-col-container\">\r\n<div class=\"kc-elm kc-css-815089\">\r\n    <div class=\"single-items\">\r\n\r\n        <h2><span class=\"counter\">846<\/span>+<\/h2><div class=\"icon-bg\"><span class=\"sl-mouse\"><\/span><\/div><h4>G\u00fcvenlik Olay\u0131<\/h4>\r\n    <\/div>\r\n<\/div>\r\n<\/div><\/div><div class=\"kc-elm kc-css-933302 kc_col-sm-3 kc_column kc_col-sm-3\"><div class=\"kc-col-container\">\r\n<div class=\"kc-elm kc-css-820884\">\r\n    <div class=\"single-items\">\r\n\r\n        <h2><span class=\"counter\">87<\/span>+<\/h2><div class=\"icon-bg\"><span class=\"sl-mouse\"><\/span><\/div><h4>Olumlu De\u011ferlendirme<\/h4>\r\n    <\/div>\r\n<\/div>\r\n<\/div><\/div><\/div><\/div><\/section><section class=\"kc-elm kc-css-335250 kc_row\"><div class=\"kc-row-container  kc-container\"><div class=\"kc-wrap-columns\"><div class=\"kc-elm kc-css-408135 kc_col-sm-12 kc_column kc_col-sm-12\"><div class=\"kc-col-container\"><div class=\"kc-elm kc-css-640194 kc-raw-code\"><nav aria-label=\"breadcrumbs\" class=\"rank-math-breadcrumb\"><p><span class=\"last\">Home<\/span><\/p><\/nav><\/div>\r\n<div class=\"kc-elm kc-css-79201\">\r\n    <div class=\"section-heading text-center\">\r\n        <h2>Management Team<\/h2><img decoding=\"async\" src=\"https:\/\/www.sybersaas.com\/en\/wp-content\/uploads\/2018\/05\/section-icon.png\" alt=\"Management Team\"><p>Our SyberSaaS management and technical team is always with you to provide the best and quality service.<\/p>\r\n    <\/div>\r\n<\/div>\r\n<div class=\"kc-elm kc-css-736932 kc_row kc_row_inner\"><div class=\"kc-elm kc-css-543924 kc_col-sm-3 kc_column_inner kc_col-sm-3\"><div class=\"kc_wrapper kc-col-inner-container\">\r\n<div class=\"kc-elm kc-css-903281\">\r\n\r\n        <div class=\"team-carosule-single-item\">\r\n            <img decoding=\"async\" src=\"https:\/\/www.sybersaas.com\/en\/wp-content\/uploads\/2021\/02\/sy.png\" alt=\"Serhat YED\u0130EL\">            <div class=\"team-meta\">\r\n                <h4>Serhat YED\u0130EL<\/h4>\r\n                <p>CEO at SyberCode<\/p>\r\n            <\/div>\r\n            <div class=\"team-overlay\">\r\n                <h5>Serhat YED\u0130EL<\/h5>\r\n                <p class=\"meta-p\">CEO at SyberCode<\/p>\r\n                <div class=\"team-social-links\">\r\n                    <div class=\"social-links\">\r\n                        <a href=\"https:\/\/www.linkedin.com\/in\/serhatyediel\/\" target=\"_blank\"><span class=\"sl-social-linkedin\"><\/span><\/a>\r\n\r\n                    <\/div>\r\n                <\/div>\r\n            <\/div>\r\n        <\/div>\r\n<\/div>\r\n<\/div><\/div><div class=\"kc-elm kc-css-444259 kc_col-sm-3 kc_column_inner kc_col-sm-3\"><div class=\"kc_wrapper kc-col-inner-container\">\r\n<div class=\"kc-elm kc-css-696208\">\r\n\r\n        <div class=\"team-carosule-single-item\">\r\n            <img decoding=\"async\" src=\"https:\/\/www.sybersaas.com\/en\/wp-content\/uploads\/2021\/02\/a_alkan.png\" alt=\"Abdurrahman ALKAN\">            <div class=\"team-meta\">\r\n                <h4>Abdurrahman ALKAN<\/h4>\r\n                <p>HEAD OF NETWORK &amp; SECURITY<\/p>\r\n            <\/div>\r\n            <div class=\"team-overlay\">\r\n                <h5>Abdurrahman ALKAN<\/h5>\r\n                <p class=\"meta-p\">HEAD OF NETWORK &amp; SECURITY<\/p>\r\n                <div class=\"team-social-links\">\r\n                    <div class=\"social-links\">\r\n                        <a href=\"https:\/\/www.linkedin.com\/in\/aalkan\/\" target=\"_blank\"><span class=\"sl-social-linkedin\"><\/span><\/a>\r\n\r\n                    <\/div>\r\n                <\/div>\r\n            <\/div>\r\n        <\/div>\r\n<\/div>\r\n<\/div><\/div><div class=\"kc-elm kc-css-870933 kc_col-sm-3 kc_column_inner kc_col-sm-3\"><div class=\"kc_wrapper kc-col-inner-container\">\r\n<div class=\"kc-elm kc-css-573733\">\r\n\r\n        <div class=\"team-carosule-single-item\">\r\n            <img decoding=\"async\" src=\"https:\/\/www.sybersaas.com\/en\/wp-content\/uploads\/2021\/02\/barkin.png\" alt=\"Bark\u0131n KILI\u00c7\">            <div class=\"team-meta\">\r\n                <h4>Bark\u0131n KILI\u00c7<\/h4>\r\n                <p>HEAD OF APPLICATION SECURITY<\/p>\r\n            <\/div>\r\n            <div class=\"team-overlay\">\r\n                <h5>Bark\u0131n KILI\u00c7<\/h5>\r\n                <p class=\"meta-p\">HEAD OF APPLICATION SECURITY<\/p>\r\n                <div class=\"team-social-links\">\r\n                    <div class=\"social-links\">\r\n                        <a href=\"https:\/\/www.linkedin.com\/in\/bark%C4%B1n-k-91316363\/\" target=\"_blank\"><span class=\"sl-social-linkedin\"><\/span><\/a>\r\n\r\n                    <\/div>\r\n                <\/div>\r\n            <\/div>\r\n        <\/div>\r\n<\/div>\r\n<\/div><\/div><div class=\"kc-elm kc-css-61946 kc_col-sm-3 kc_column_inner kc_col-sm-3\"><div class=\"kc_wrapper kc-col-inner-container\">\r\n<div class=\"kc-elm kc-css-664113\">\r\n\r\n        <div class=\"team-carosule-single-item\">\r\n            <img decoding=\"async\" src=\"https:\/\/www.sybersaas.com\/en\/wp-content\/uploads\/2021\/02\/eylem.png\" alt=\"Eylem B\u0130RER\">            <div class=\"team-meta\">\r\n                <h4>Eylem B\u0130RER<\/h4>\r\n                <p>HEAD OF HR &amp; MARKETING<\/p>\r\n            <\/div>\r\n            <div class=\"team-overlay\">\r\n                <h5>Eylem B\u0130RER<\/h5>\r\n                <p class=\"meta-p\">HEAD OF HR &amp; MARKETING<\/p>\r\n                <div class=\"team-social-links\">\r\n                    <div class=\"social-links\">\r\n                        <a href=\"https:\/\/www.linkedin.com\/in\/eylem-birer-25457463\/\" target=\"_blank\"><span class=\"sl-social-linkedin\"><\/span><\/a>\r\n\r\n                    <\/div>\r\n                <\/div>\r\n            <\/div>\r\n        <\/div>\r\n<\/div>\r\n<\/div><\/div><\/div><\/div><\/div><\/div><\/div><\/section><section id='testimonials' class=\"kc-elm kc-css-793244 kc_row\"><div class=\"kc-row-container  kc-container\"><div class=\"kc-wrap-columns\"><div class=\"kc-elm kc-css-311069 kc_col-sm-12 kc_column kc_col-sm-12\"><div class=\"kc-col-container\">\r\n<div class=\"kc-elm kc-css-859731\">\r\n    <div class=\"section-heading text-center\">\r\n        <h2>Testimonials<\/h2><img decoding=\"async\" src=\"https:\/\/www.sybersaas.com\/en\/wp-content\/uploads\/2018\/05\/section-icon.png\" alt=\"Testimonials\"><p>Lorem ipsum madolor sit amet, consectetur adipisicing elit, sed do eiusmod tempor coli incididunt ut labore Lorem ipsum madolor sit amet, consectetur adipisicing incididunt.<\/p>\r\n    <\/div>\r\n<\/div>\r\n\r\n<div class=\"kc-elm kc-css-629753\">\r\n    <div class=\"testi-carousel\">\r\n\r\n                    <div class=\"testi-single-item\">\r\n                <div class=\"item-inner\">\r\n                    <div class=\"testimonial-meta\">\r\n                      <img decoding=\"async\" src=\"https:\/\/www.sybersaas.com\/en\/wp-content\/uploads\/2018\/05\/t4-500x375-1.jpg\" alt=\"Nebula Nairobi\">                      <h4>Nebula Nairobi<\/h4>\r\n                      <span>Photo Editor<\/span>\r\n\r\n                    <\/div>\r\n                    <p>\u201cLorem ipsum dolor sit amet, sectetur adip mayal tempor eiusmod tempor incubtconsectetur aliqua. Ultra enddim ad nim veniam, quis nostrud exercitation ullamco\u201d<\/p>\r\n\r\n\r\n                      <div class=\"testimonial-rating\">\r\n                                                        <i class=\"fa fa-star\"><\/i>\r\n                                                        <i class=\"fa fa-star\"><\/i>\r\n                                                        <i class=\"fa fa-star\"><\/i>\r\n                                                        <i class=\"fa fa-star\"><\/i>\r\n                                                        <i class=\"fa fa-star\"><\/i>\r\n                                                <\/div>\r\n                <\/div>\r\n            <\/div>\r\n                    <div class=\"testi-single-item\">\r\n                <div class=\"item-inner\">\r\n                    <div class=\"testimonial-meta\">\r\n                      <img decoding=\"async\" src=\"https:\/\/www.sybersaas.com\/en\/wp-content\/uploads\/2018\/05\/t0-500x375-1.jpg\" alt=\"Abraham Smith\">                      <h4>Abraham Smith<\/h4>\r\n                      <span>Event Manager<\/span>\r\n\r\n                    <\/div>\r\n                    <p>\u201cLorem ipsum dolor sit amet, sectetur adip mayal tempor eiusmod tempor incubtconsectetur aliqua. Ultra enddim ad nim veniam, quis nostrud exercitation ullamco\u201d<\/p>\r\n\r\n\r\n                      <div class=\"testimonial-rating\">\r\n                                                        <i class=\"fa fa-star\"><\/i>\r\n                                                        <i class=\"fa fa-star\"><\/i>\r\n                                                        <i class=\"fa fa-star\"><\/i>\r\n                                                        <i class=\"fa fa-star\"><\/i>\r\n                                                <\/div>\r\n                <\/div>\r\n            <\/div>\r\n                    <div class=\"testi-single-item\">\r\n                <div class=\"item-inner\">\r\n                    <div class=\"testimonial-meta\">\r\n                      <img decoding=\"async\" src=\"https:\/\/www.sybersaas.com\/en\/wp-content\/uploads\/2018\/05\/t5-500x375-1.jpg\" alt=\"Cristiana Lisopa\">                      <h4>Cristiana Lisopa<\/h4>\r\n                      <span>Team Leader<\/span>\r\n\r\n                    <\/div>\r\n                    <p>\u201cLorem ipsum dolor sit amet, sectetur adip mayal tempor eiusmod tempor incubtconsectetur aliqua. Ultra enddim ad nim veniam, quis nostrud exercitation ullamco\u201d<\/p>\r\n\r\n\r\n                      <div class=\"testimonial-rating\">\r\n                                                        <i class=\"fa fa-star\"><\/i>\r\n                                                        <i class=\"fa fa-star\"><\/i>\r\n                                                        <i class=\"fa fa-star\"><\/i>\r\n                                                        <i class=\"fa fa-star\"><\/i>\r\n                                                        <i class=\"fa fa-star\"><\/i>\r\n                                                <\/div>\r\n                <\/div>\r\n            <\/div>\r\n        \r\n    <\/div>\r\n\r\n    <div class=\"slider-btns\">\r\n        <button class=\"testi-nav-left\"><span class=\"ti-angle-left\"><\/span><\/button>\r\n        <button class=\"testi-nav-right\"><span class=\"ti-angle-right\"><\/span><\/button>\r\n    <\/div>\r\n<\/div>\r\n<\/div><\/div><\/div><\/div><\/section><section id='ftt' class=\"kc-elm kc-css-535579 kc_row\"><div class=\"kc-row-container  kc-container\"><div class=\"kc-wrap-columns\"><div class=\"kc-elm kc-css-442666 kc_col-sm-12 kc_column kc_col-sm-12\"><div class=\"kc-col-container\">\r\n<div class=\"kc-elm kc-css-630286\">\r\n    <div class=\"social-links\">\r\n        <a href=\"https:\/\/www.facebook.com\/Sybersaas-356519378784294\" ><span class=\"fab-facebook-f\"><\/span><\/a><a href=\"https:\/\/www.instagram.com\/securityasaservice\/\" target=\"_blank\"><span class=\"fab-instagram\"><\/span><\/a><a href=\"https:\/\/www.linkedin.com\/showcase\/sybersaas\/\" target=\"_blank\"><span class=\"fab-linkedin-in\"><\/span><\/a><a href=\"https:\/\/twitter.com\/sybersaas\" target=\"_blank\"><span class=\"fab-twitter\"><\/span><\/a>\r\n    <\/div>\r\n<\/div>\r\n<div class=\"kc-elm kc-css-5234 kc_text_block None\"  data-wow-delay=\"0.2s\"><\/p>\n<p>Copyright @ 2022 <a href=\"https:\/\/www.sybersaas.com\/en\">SyberSaaS.com<\/a> All rights reserved. SyberSaaS is a trademark of<a href=\"https:\/\/www.sybercode.com\/\"> T\u00dcV AUSTRIA SyberCode Information Technologies Inc.<\/a><\/p>\n<p>\n<\/div><\/div><\/div><\/div><\/div><\/section><\/p>\n","protected":false},"excerpt":{"rendered":"","protected":false},"author":1,"featured_media":0,"parent":0,"menu_order":0,"comment_status":"closed","ping_status":"closed","template":"template-page-builder.php","meta":{"footnotes":""},"class_list":["post-518","page","type-page","status-publish","hentry","single-blog-box","one-column"],"_links":{"self":[{"href":"https:\/\/www.sybersaas.com\/en\/index.php?rest_route=\/wp\/v2\/pages\/518","targetHints":{"allow":["GET"]}}],"collection":[{"href":"https:\/\/www.sybersaas.com\/en\/index.php?rest_route=\/wp\/v2\/pages"}],"about":[{"href":"https:\/\/www.sybersaas.com\/en\/index.php?rest_route=\/wp\/v2\/types\/page"}],"author":[{"embeddable":true,"href":"https:\/\/www.sybersaas.com\/en\/index.php?rest_route=\/wp\/v2\/users\/1"}],"replies":[{"embeddable":true,"href":"https:\/\/www.sybersaas.com\/en\/index.php?rest_route=%2Fwp%2Fv2%2Fcomments&post=518"}],"version-history":[{"count":75,"href":"https:\/\/www.sybersaas.com\/en\/index.php?rest_route=\/wp\/v2\/pages\/518\/revisions"}],"predecessor-version":[{"id":1632,"href":"https:\/\/www.sybersaas.com\/en\/index.php?rest_route=\/wp\/v2\/pages\/518\/revisions\/1632"}],"wp:attachment":[{"href":"https:\/\/www.sybersaas.com\/en\/index.php?rest_route=%2Fwp%2Fv2%2Fmedia&parent=518"}],"curies":[{"name":"wp","href":"https:\/\/api.w.org\/{rel}","templated":true}]}}